{"id":373,"date":"2015-06-03T03:48:02","date_gmt":"2015-06-03T03:48:02","guid":{"rendered":"http:\/\/xml.daffyhazan.com\/verko\/?page_id=373"},"modified":"2021-10-26T09:25:59","modified_gmt":"2021-10-26T07:25:59","slug":"home-v3","status":"publish","type":"page","link":"https:\/\/beautissu.com\/en\/","title":{"rendered":"Beautissu &#8211; Home &#038; Style"},"content":{"rendered":"<p>&nbsp;<\/p>\n<p>[vc_row full_width=&#8221;stretch_row&#8221; enable_parallax=&#8221;&#8221; parallax_speed=&#8221;0.5&#8243; css=&#8221;.vc_custom_1489499673199{margin-bottom: 0px !important;padding-top: 120px !important;padding-bottom: 120px !important;background-color: #ffffff !important;}&#8221;][vc_column][vc_column_text]<\/p>\n<h1 id=\"Geschichte\">Die Geschichte von Artina<\/h1>\n<p>[\/vc_column_text][vc_column_text]<\/p>\n<p>K\u00fcnstlerbedarf in gro\u00dfer Auswahl: <strong>Artina<\/strong> steht f\u00fcr Kreativit\u00e4t, Hochwertigkeit und Preisbewusstsein. F\u00fcr all die K\u00fcnstler, die eine Leidenschaft f\u00fcr die Kunst haben oder sich bei ihren ersten k\u00fcnstlerischen Schritten versuchen, wird unter der Marke <strong>Artina<\/strong> ein gro\u00dfes Sortiment an K\u00fcnstlermaterial angeboten. Ob Vielverwenderer, Einsteiger oder preisbewusste Kunden: <strong>Artina<\/strong> bietet ein Komplettsortiment rund um die Kunst und umfasst eine Vielzahl an Produkten f\u00fcr angehende K\u00fcnstler und ambitionierte Hobby-Maler. Aus vielen Ateliers und Studios ist diese Lieblingsmarke kaum noch wegzudenken.<\/p>\n<p>[\/vc_column_text][\/vc_column][\/vc_row][vc_row full_width=&#8221;stretch_row&#8221; parallax=&#8221;content-moving&#8221; parallax_image=&#8221;33296&#8243; enable_fixed=&#8221;yes&#8221; enable_parallax=&#8221;&#8221; parallax_speed=&#8221;0.5&#8243; css=&#8221;.vc_custom_1499264778824{margin-bottom: 0px !important;padding-top: 120px !important;padding-bottom: 120px !important;background: #f9f9fa url(https:\/\/beautissu.com\/wp-content\/uploads\/2015\/06\/staffelei_siena_bg-1.jpg?id=33110);background-position: center;background-repeat: no-repeat !important;background-size: cover !important;}&#8221;][vc_column width=&#8221;1\/2&#8243;][vc_column_text]<\/p>\n<h2>Barcelona, London, Malaga &amp; mehr: Die Artina Staffeleien<\/h2>\n<p>Nach vielen sch\u00f6nen St\u00e4dten benannt, werden unter der Marke <strong>Artina<\/strong> tolle und robuste Staffeleien angeboten. Eine Staffelei? Ja, dies war das erste Produkt, das unter der Marke <strong>Artina<\/strong> vertrieben wurde und seither zu den Topsellern der <strong>Artina<\/strong> Produktsegmente geh\u00f6rt. Das Angebot der Staffeleien wuchs kontinuierlich und heute findet der K\u00fcnstler eine gro\u00dfe Auswahl. Von Tisch- und Ministaffeleien \u00fcber Staffeleien f\u00fcr unterwegs oder das Atelier, bis hin zu kompletten Staffelei Malsets: <strong>Artina<\/strong> steht f\u00fcr hochwertige Staffeleien zu einem guten Preis.[\/vc_column_text][\/vc_column][vc_column width=&#8221;1\/2&#8243;][\/vc_column][\/vc_row][vc_row full_width=&#8221;stretch_row&#8221; parallax=&#8221;content-moving&#8221; parallax_image=&#8221;33303&#8243; enable_fixed=&#8221;yes&#8221; enable_parallax=&#8221;&#8221; parallax_speed=&#8221;0.5&#8243; css=&#8221;.vc_custom_1499265234311{margin-bottom: 0px !important;padding-top: 120px !important;padding-bottom: 120px !important;background: #ffffff url(https:\/\/beautissu.com\/wp-content\/uploads\/2015\/06\/staffelei_siena_bg-1.jpg?id=33110);background-position: center;background-repeat: no-repeat !important;background-size: cover !important;}&#8221;][vc_column width=&#8221;1\/2&#8243;][\/vc_column][vc_column width=&#8221;1\/2&#8243;][vc_column_text]<\/p>\n<h2>Artina Keilrahmen in gro\u00dfer Auswahl<\/h2>\n<p>Unter der Eigenmarke <strong>Artina<\/strong> wird mit ca. 300 verschiedenen Leinw\u00e4nden, eines der gr\u00f6\u00dften Keilrahmensortimente in Deutschland angeboten. \u00a0Von der Akademie Serie f\u00fcr Einsteiger, \u00fcber die Premium und Professionell Keilrahmen bis hin zu den Premiumvariante <strong>Artina<\/strong> Exklusiv, findet jeder K\u00fcnstler seinen perfekten Keilrahmen \u2013 und das in schier unendlich vielen Gr\u00f6\u00dfen und Formen.<\/p>\n<p><strong>Artina<\/strong> Keilrahmen werden gerne von ambitionierten K\u00fcnstlern eingesetzt, die optimale Qualit\u00e4t zum besten Preis-Leistungs-Verh\u00e4ltnis w\u00fcnschen. Die Keilrahmen bestehen aus hochwertigem Holz und sind allesamt mit einem vorgrundierten Maltuch aus 100% Baumwolle trommelhart bespannt worden.<\/p>\n<p>[\/vc_column_text][\/vc_column][\/vc_row][vc_row full_width=&#8221;stretch_row&#8221; parallax=&#8221;content-moving&#8221; parallax_image=&#8221;33305&#8243; enable_fixed=&#8221;yes&#8221; enable_parallax=&#8221;&#8221; parallax_speed=&#8221;0.5&#8243; css=&#8221;.vc_custom_1499265359399{margin-bottom: 0px !important;padding-top: 120px !important;padding-bottom: 120px !important;background: #f9f9fa url(https:\/\/beautissu.com\/wp-content\/uploads\/2015\/06\/staffelei_siena_bg-1.jpg?id=33110);background-position: center;background-repeat: no-repeat !important;background-size: cover !important;}&#8221;][vc_column width=&#8221;1\/2&#8243;][vc_column_text]<\/p>\n<h2>Acryl, \u00d6l &amp; Aquarell: K\u00fcnstlerfarben von Artina<\/h2>\n<p>Auch ein gro\u00dfes Farbspektrum an K\u00fcnstlerfarben wird unter der Marke <strong>Artina<\/strong> angeboten. F\u00fcr fast jede Malart ist etwas dabei. Vielverwender sowie preisbewusste K\u00fcnstler w\u00e4hlen gern die eigenproduzierten <strong>Artina<\/strong> Farben. Angeboten werden diese in verschiedenen Gebindegr\u00f6\u00dfen, \u00fcberzeugen allesamt durch eine gute Maleigenschaft und lassen sich f\u00fcr jede Technik verwenden. Die K\u00fcnstlerfarben haben eine hohe Deckkraft sowie eine gute Lichtechtheit und bieten eine optimale Farbkraft.[\/vc_column_text][\/vc_column][vc_column width=&#8221;1\/2&#8243;][\/vc_column][\/vc_row][vc_row full_width=&#8221;stretch_row&#8221; parallax=&#8221;content-moving&#8221; parallax_image=&#8221;33311&#8243; enable_fixed=&#8221;yes&#8221; enable_parallax=&#8221;&#8221; parallax_speed=&#8221;0.5&#8243; css=&#8221;.vc_custom_1499265599312{margin-bottom: 0px !important;padding-top: 120px !important;padding-bottom: 120px !important;background: #ffffff url(https:\/\/beautissu.com\/wp-content\/uploads\/2015\/06\/staffelei_siena_bg-1.jpg?id=33110);background-position: center;background-repeat: no-repeat !important;background-size: cover !important;}&#8221;][vc_column width=&#8221;1\/2&#8243;][\/vc_column][vc_column width=&#8221;1\/2&#8243;][vc_column_text]<\/p>\n<h2>Artina Zubeh\u00f6r f\u00fcr die Kreativit\u00e4t<\/h2>\n<p>Abgerundet wird das <strong>Artina<\/strong> K\u00fcnstlermaterial mit einer F\u00fclle an praktischem Zubeh\u00f6r. Ob Gliederpuppen, Malhocker, Malspachtel, Pinsel &amp; mehr: Erst mit den richtigen Utensilien wird das Malvergn\u00fcgen komplettiert. Dabei entstand unter anderem eine Kooperation mit der bekannten Pinselmanufaktur daVinci, sodass nun die hochwertige Akademie Serie \u201e<strong>Artina Pinsel by daVinci<\/strong>\u201c im Sortiment zu finden ist.<\/p>\n<p><strong>Artina<\/strong> bietet eine gro\u00dfe Auswahl aus einer Vielzahl an Zubeh\u00f6r und dabei wird stets auf die Hochwertigkeit sowie das Preisbewusstsein geachtet. Die \u00e4u\u00dferst beliebte Marke <strong>Artina<\/strong> findet bei vielen K\u00fcnstlern gro\u00dfen Anklang, denn es werden genau die Produkte gefertigt, die dem jeweiligen Bedarf entsprechen.<\/p>\n<p>[\/vc_column_text][\/vc_column][\/vc_row][vc_row full_width=&#8221;stretch_row&#8221; parallax=&#8221;content-moving&#8221; parallax_image=&#8221;33363&#8243; enable_fixed=&#8221;yes&#8221; enable_parallax=&#8221;&#8221; parallax_speed=&#8221;0.5&#8243; css=&#8221;.vc_custom_1499348034735{margin-bottom: 0px !important;padding-top: 120px !important;padding-bottom: 120px !important;background: #f9f9fa url(https:\/\/beautissu.com\/wp-content\/uploads\/2015\/06\/staffelei_siena_bg-1.jpg?id=33110);background-position: center;background-repeat: no-repeat !important;background-size: cover !important;}&#8221;][vc_column width=&#8221;1\/2&#8243;][vc_column_text]<\/p>\n<h2>Acryl, \u00d6l &amp; Aquarell: K\u00fcnstlerfarben von Artina<\/h2>\n<p>Auch ein gro\u00dfes Farbspektrum an K\u00fcnstlerfarben wird unter der Marke <strong>Artina<\/strong> angeboten. F\u00fcr fast jede Malart ist etwas dabei. Vielverwender sowie preisbewusste K\u00fcnstler w\u00e4hlen gern die eigenproduzierten <strong>Artina<\/strong> Farben. Angeboten werden diese in verschiedenen Gebindegr\u00f6\u00dfen, \u00fcberzeugen allesamt durch eine gute Maleigenschaft und lassen sich f\u00fcr jede Technik verwenden. Die K\u00fcnstlerfarben haben eine hohe Deckkraft sowie eine gute Lichtechtheit und bieten eine optimale Farbkraft.[\/vc_column_text][\/vc_column][vc_column width=&#8221;1\/2&#8243;][\/vc_column][\/vc_row][vc_row full_width=&#8221;stretch_row&#8221; enable_parallax=&#8221;&#8221; parallax_speed=&#8221;0.5&#8243; css=&#8221;.vc_custom_1490786119953{margin-bottom: 0px !important;padding-top: 120px !important;padding-bottom: 120px !important;background-color: #fafafa !important;}&#8221;][vc_column width=&#8221;1\/4&#8243;][\/vc_column][vc_column width=&#8221;2\/4&#8243; css=&#8221;.vc_custom_1490786084202{background-color: #fafafa !important;}&#8221;][vc_column_text]<\/p>\n<h2 id=\"Sortiment\">Seit 10 Jahren: Artina \u2013 die Marke f\u00fcr die Kunst<\/h2>\n<p>Was vor zehn Jahren mit der ersten <strong>Artina Staffelei<\/strong> begann, entwickelte sich zu einem kompletten Sortiment f\u00fcr K\u00fcnstlerbedarf. Keilrahmen, K\u00fcnstlerfarben, Gliederpuppen &amp; mehr &#8211; <strong>Artina<\/strong> steht f\u00fcr ausgezeichnete Produkte zu einem sehr guten Preis-Leistungs-Verh\u00e4ltnis. Ob Hobbyisten, Vielverwenderer oder ambitionierte K\u00fcnstler: <strong>Artina K\u00fcnstlerbedarf<\/strong> bietet Produkte genau nach dem jeweiligen Bedarf.<\/p>\n<ul>\n<li>Artina Staffeleien<\/li>\n<li>Artina Keilrahmen<\/li>\n<li>Artina Acrylfarben<\/li>\n<li>Artina \u00d6lfarben<\/li>\n<li>Artina Aquarellfarben<\/li>\n<li>Artina Malsets<\/li>\n<li>Artina Pinsel &amp; Malspachtel<\/li>\n<li>Artina Gliederpuppen<\/li>\n<li>Artina Michpaletten<\/li>\n<li>Artina Zubeh\u00f6r<\/li>\n<\/ul>\n<p>[\/vc_column_text][\/vc_column][vc_column width=&#8221;1\/4&#8243;][\/vc_column][\/vc_row][vc_row enable_parallax=&#8221;&#8221; parallax_speed=&#8221;0.5&#8243; css=&#8221;.vc_custom_1433813057968{margin-bottom: 0px !important;}&#8221;][vc_column][vc_single_image image=&#8221;33313&#8243; img_size=&#8221;full&#8221; alignment=&#8221;center&#8221; css_animation=&#8221;bottom-to-top&#8221;][\/vc_column][\/vc_row][vc_row full_width=&#8221;stretch_row_content_no_spaces&#8221; enable_parallax=&#8221;&#8221; parallax_speed=&#8221;0.5&#8243;][vc_column][vc_column_text]<\/p>\n<h2 id=\"Galerie\">Produkte von Sol Royal<\/h2>\n<p>[\/vc_column_text][vc_basic_grid post_type=&#8221;portfolio&#8221; max_items=&#8221;6&#8243; gap=&#8221;0&#8243; orderby=&#8221;meta_value&#8221; item=&#8221;32029&#8243; grid_id=&#8221;vc_gid:1499347792426-5788e9aa-6cd2-2&#8243; el_class=&#8221;Galerie&#8221;][\/vc_column][\/vc_row][vc_row css=&#8221;.vc_custom_1433306054580{padding-top: 90px !important;padding-bottom: 60px !important;}&#8221; enable_parallax=&#8221;&#8221; parallax_speed=&#8221;0.5&#8243;][vc_column][vc_column_text css_animation=&#8221;appear&#8221;]<\/p>\n<h2 id=\"Shop\">Hier finden Sie alles von SolRoyal<\/h2>\n<p>Alle Produkte der Exklusivmarke SolRoyal finden Sie im <a href=\"http:\/\/stores.ebay.de\/sol-royal\" target=\"_blank\" rel=\"noopener\">Sol-Royal-Shop<\/a>.<\/p>\n<p>[\/vc_column_text][vc_single_image image=&#8221;33330&#8243; img_size=&#8221;499&#215;274&#8243; alignment=&#8221;center&#8221; onclick=&#8221;custom_link&#8221; css_animation=&#8221;appear&#8221; link=&#8221;https:\/\/staffeleien-shop.de&#8221;][\/vc_column][\/vc_row]<\/p>\n","protected":false},"excerpt":{"rendered":"<p>&nbsp; [vc_row full_width=&#8221;stretch_row&#8221; enable_parallax=&#8221;&#8221; parallax_speed=&#8221;0.5&#8243; css=&#8221;.vc_custom_1489499673199{margin-bottom: 0px !important;padding-top: 120px !important;padding-bottom: 120px !important;background-color: #ffffff !important;}&#8221;][vc_column][vc_column_text] Die Geschichte von Artina [\/vc_column_text][vc_column_text] K\u00fcnstlerbedarf in gro\u00dfer Auswahl: Artina steht f\u00fcr Kreativit\u00e4t, Hochwertigkeit und Preisbewusstsein. F\u00fcr all die K\u00fcnstler, die eine Leidenschaft f\u00fcr die Kunst haben oder sich bei ihren ersten k\u00fcnstlerischen Schritten versuchen, wird unter der Marke Artina ein [&hellip;]<a href=\"https:\/\/beautissu.com\/en\/\" class=\"df-link-excerpt\">Continue reading<\/a><\/p>\n","protected":false},"author":1,"featured_media":0,"parent":0,"menu_order":0,"comment_status":"closed","ping_status":"closed","template":"","meta":{"footnotes":""},"class_list":["post-373","page","type-page","status-publish","hentry"],"translation":{"provider":"WPGlobus","version":"3.0.0","language":"en","enabled_languages":["de","en","fr","it","es"],"languages":{"de":{"title":true,"content":true,"excerpt":false},"en":{"title":true,"content":true,"excerpt":false},"fr":{"title":true,"content":true,"excerpt":false},"it":{"title":true,"content":true,"excerpt":false},"es":{"title":true,"content":true,"excerpt":false}}},"aioseo_notices":[],"_links":{"self":[{"href":"https:\/\/beautissu.com\/en\/wp-json\/wp\/v2\/pages\/373","targetHints":{"allow":["GET"]}}],"collection":[{"href":"https:\/\/beautissu.com\/en\/wp-json\/wp\/v2\/pages"}],"about":[{"href":"https:\/\/beautissu.com\/en\/wp-json\/wp\/v2\/types\/page"}],"author":[{"embeddable":true,"href":"https:\/\/beautissu.com\/en\/wp-json\/wp\/v2\/users\/1"}],"replies":[{"embeddable":true,"href":"https:\/\/beautissu.com\/en\/wp-json\/wp\/v2\/comments?post=373"}],"version-history":[{"count":250,"href":"https:\/\/beautissu.com\/en\/wp-json\/wp\/v2\/pages\/373\/revisions"}],"predecessor-version":[{"id":33786,"href":"https:\/\/beautissu.com\/en\/wp-json\/wp\/v2\/pages\/373\/revisions\/33786"}],"wp:attachment":[{"href":"https:\/\/beautissu.com\/en\/wp-json\/wp\/v2\/media?parent=373"}],"curies":[{"name":"wp","href":"https:\/\/api.w.org\/{rel}","templated":true}]}}