{"id":373,"date":"2015-06-03T03:48:02","date_gmt":"2015-06-03T03:48:02","guid":{"rendered":"http:\/\/xml.daffyhazan.com\/verko\/?page_id=373"},"modified":"2021-10-26T09:25:59","modified_gmt":"2021-10-26T07:25:59","slug":"home-v3","status":"publish","type":"page","link":"https:\/\/beautissu.com\/es\/","title":{"rendered":"Beautissu &#8211; Home &#038; Style"},"content":{"rendered":"<p>[vc_row full_width=&#8221;stretch_row&#8221; enable_parallax=&#8221;&#8221; parallax_speed=&#8221;0.5&#8243; css=&#8221;.vc_custom_1489499673199{margin-bottom: 0px !important;padding-top: 120px !important;padding-bottom: 120px !important;background-color: #ffffff !important;}&#8221;][vc_column][vc_column_text]<\/p>\n<h1 id=\"Geschichte\" style=\"text-align: center;\">Die Geschichte der Marke Beautissu<\/h1>\n<p>[\/vc_column_text][vc_column_text]<\/p>\n<p style=\"text-align: center;\">Sol Royal:\u00a0<strong>Enjoy your home<\/strong><\/p>\n<p style=\"text-align: center;\">Die deutsche Marke Sol Royal steht f\u00fcr Sicht-, Sonnen- und Wetterschutz in gro\u00dfer Auswahl sowie einer Vielzahl an Garagen- und Rollladenmotoren.<\/p>\n<p style=\"text-align: center;\">Dabei wird das Sortiment stetig erweitert und verbessert. Neben den aktuellen Trends, erf\u00fcllen die Produkte von Sol Royal auch h\u00f6chste Standards in Sachen <strong>Lebensdauer<\/strong>, <strong>Sicherheit<\/strong> und <strong>Qualit\u00e4t<\/strong>.<\/p>\n<p style=\"text-align: center;\">Sol Royal ist nur eine von vielen qualitativ hochwertigen Marken, die die Off Price GmbH vertreibt. Seit \u00fcber 10 Jahren im eCommerce t\u00e4tig, flie\u00dft ein gro\u00dfer Erfahrungsschatz in die Entwicklung der Produkte ein, die allesamt eine pers\u00f6nliche Qualit\u00e4tskontrolle unterlaufen. Neue Gestaltungstrends werden bei der Produktion ebenso ber\u00fccksichtigt, wie auch die Ideen und W\u00fcnsche der Kunden.<\/p>\n<p>[\/vc_column_text][\/vc_column][\/vc_row][vc_row full_width=&#8221;stretch_row&#8221; parallax=&#8221;content-moving&#8221; parallax_image=&#8221;33497&#8243; enable_fixed=&#8221;yes&#8221; enable_parallax=&#8221;&#8221; parallax_speed=&#8221;0.5&#8243; css=&#8221;.vc_custom_1528102633578{margin-bottom: 0px !important;padding-top: 120px !important;padding-bottom: 120px !important;background-color: #ffffff !important;background-position: center;background-repeat: no-repeat !important;background-size: cover !important;}&#8221;][vc_column width=&#8221;1\/2&#8243;][\/vc_column][vc_column width=&#8221;1\/2&#8243;][vc_column_text]<\/p>\n<h2 style=\"text-align: right;\">Sol Royal Doppelrollos<\/h2>\n<p style=\"text-align: right;\"><strong>Doppelrollos von Sol Royal<\/strong>\u00a0sind hochwertig in der Verarbeitung, stilvoll als Dekorationsmittel und zugleich hervorragend im Preis- Leistungs-Verh\u00e4ltnis.<\/p>\n<p style=\"text-align: right;\">Das Besondere an einem Doppelrollo bzw. Duorollo ist, dass es aus zwei hintereinanderliegenden Stoffen besteht. Dabei wurde der Stoff so konzipiert, dass dieser abwechselnd transparente und blickdichte Streifen aufweist. Verschiedenste Lichtspiele und Abdunklungsstufen sind somit m\u00f6glich und \u00fcberzeugen zudem durch das tolle Aussehen am Fenster.<\/p>\n<p style=\"text-align: right;\">Mithilfe eines Kettenzuges kann man das Doppelrollo in der H\u00f6he variieren. Ferner kann die Helligkeit durch den \u00dcberlagerungsgrad der Sichtstreifen angepasst werden.<\/p>\n<p>[\/vc_column_text][\/vc_column][\/vc_row][vc_row full_width=&#8221;stretch_row&#8221; parallax=&#8221;content-moving&#8221; parallax_image=&#8221;33492&#8243; enable_fixed=&#8221;yes&#8221; enable_parallax=&#8221;&#8221; parallax_speed=&#8221;0.5&#8243; css=&#8221;.vc_custom_1528102681586{margin-bottom: 0px !important;padding-top: 120px !important;padding-bottom: 120px !important;background: #f9f9fa url(https:\/\/beautissu.com\/wp-content\/uploads\/2015\/06\/2_bg-4.jpg?id=33462);background-position: center;background-repeat: no-repeat !important;background-size: cover !important;}&#8221;][vc_column width=&#8221;1\/2&#8243;][vc_column_text]<\/p>\n<h2>Sol Royal Plissees<\/h2>\n<p style=\"text-align: left;\">Das<strong>\u00a0Sol Royal Plissee<\/strong>\u00a0ist ein innenliegender Sicht- und Sonnenschutz aus einem vorgefalteten Stoff. Dabei l\u00e4sst sich das Plissee mit nur wenigen Handgriffen hoch- und runterziehen.<\/p>\n<p style=\"background: #F9F9FA; margin: 0cm 0cm 22.5pt 0cm;\"><span style=\"font-size: 11.5pt; font-family: 'Droid Sans',serif; color: #676c7b; letter-spacing: .2pt;\">Ein Plissee ist ein tolles Dekorationsmittel f\u00fcr jegliche Fenster und bietet zudem einen Schutz vor neugierigen Blicken.<\/span><\/p>\n<p style=\"margin: 0cm; margin-bottom: .0001pt; background: #F9F9FA;\"><span style=\"font-size: 11.5pt; font-family: 'Droid Sans',serif; color: #676c7b; letter-spacing: .2pt;\">Der Stoff der Sol Royal Plissees besteht aus hochwertigen Kunststofffasern, welche speziell f\u00fcr die Verwendung am Fenster entwickelt worden sind. Die Klemmtr\u00e4ger, welche standardm\u00e4\u00dfig mitgeliefert werden, sind Bestens dazu geeignet, damit das <strong>Plissee ohne Bohren<\/strong> montiert werden kann.<\/span><\/p>\n<p>[\/vc_column_text][\/vc_column][vc_column width=&#8221;1\/2&#8243;][\/vc_column][\/vc_row][vc_row full_width=&#8221;stretch_row&#8221; parallax=&#8221;content-moving&#8221; parallax_image=&#8221;33495&#8243; enable_fixed=&#8221;yes&#8221; enable_parallax=&#8221;&#8221; parallax_speed=&#8221;0.5&#8243; css=&#8221;.vc_custom_1528102785897{margin-bottom: 0px !important;padding-top: 120px !important;padding-bottom: 120px !important;background: #ffffff url(https:\/\/beautissu.com\/wp-content\/uploads\/2015\/06\/staffelei_siena_bg-1.jpg?id=33110);background-position: center;background-repeat: no-repeat !important;background-size: cover !important;}&#8221;][vc_column width=&#8221;1\/2&#8243;][\/vc_column][vc_column width=&#8221;1\/2&#8243;][vc_column_text]<\/p>\n<h2 style=\"text-align: right;\">Sol Royal Rollos<\/h2>\n<p style=\"text-align: right;\">Kassettenrollo, Thermorollo, Verdunkelungsrollo oder ein h\u00fcbsches Raffrollo aus Bambus: Die Auswahl an<strong> Sol Royal Rollos<\/strong>\u00a0f\u00fcr Ihr Fenster ist gro\u00df und vielf\u00e4ltig.<\/p>\n<p style=\"text-align: right;\">Einfach zu montieren bieten sie einen hervorragenden Sicht- und Sonnenschutz. Dabei ist f\u00fcr jeden Raum und Bedarf etwas dabei. Rollos von Sol Royal sind f\u00fcr fast jedes Zimmer geeignet, da diese sich nicht nur durch Funktionalit\u00e4t und gute Verarbeitung auszeichnen, sondern auch den Raum ansprechend dekorieren.<\/p>\n<p style=\"text-align: right;\">Die variantenreichen Rollos sind perfekt daf\u00fcr geeignet ein Zimmer abzudunkeln, es vor Hitze oder K\u00e4lte zu sch\u00fctzen oder stilvoll das Fenster zu dekorieren.<\/p>\n<p>[\/vc_column_text][\/vc_column][\/vc_row][vc_row full_width=&#8221;stretch_row&#8221; parallax=&#8221;content-moving&#8221; parallax_image=&#8221;33491&#8243; enable_fixed=&#8221;yes&#8221; enable_parallax=&#8221;&#8221; parallax_speed=&#8221;0.5&#8243; css=&#8221;.vc_custom_1528102856571{margin-bottom: 0px !important;padding-top: 120px !important;padding-bottom: 120px !important;background: #ffffff url(https:\/\/beautissu.com\/wp-content\/uploads\/2015\/06\/staffelei_siena_bg-1.jpg?id=33110);background-position: center;background-repeat: no-repeat !important;background-size: cover !important;}&#8221;][vc_column width=&#8221;1\/2&#8243;][vc_column_text]<\/p>\n<h2 style=\"text-align: left;\">Sol Royal Sichtschutz &amp; Sonnensegel<\/h2>\n<p style=\"background: white; margin: 0cm 0cm 22.5pt; text-align: left;\"><span style=\"font-size: 11.5pt; font-family: 'Droid Sans',serif; color: #676c7b; letter-spacing: .2pt;\">Sie m\u00f6chten sich vor zu neugierigen Blicken oder Sonnenstrahlen sch\u00fctzen? Unter der Marke Sol Royal wird eine breite Auswahl an unterschiedlichsten <strong>Sichtschutz<\/strong> und <strong>Sonnensegel<\/strong> angeboten. Ob Garten, Terrasse oder Balkon: Mit den Sol Royal SolVision Produkten k\u00f6nnen Sie es sich drau\u00dfen so richtig behaglich machen. Alle Produkte entsprechen h\u00f6chsten Qualit\u00e4tsstandards.<\/span><\/p>\n<p style=\"background: white; margin: 0cm 0cm 22.5pt; text-align: left;\"><span style=\"font-size: 11.5pt; font-family: 'Droid Sans',serif; color: #676c7b; letter-spacing: .2pt;\">Die Sonnensegel sowie die Balkonumspannungen werden aus luftdurchl\u00e4ssigen HDPE oder wasserabweisenden PES hergestellt und bieten damit unterschiedliche Vorteile \u2013 ganz nach Ihren Bed\u00fcrfnissen.<\/span><\/p>\n<p style=\"background: white; margin: 0cm 0cm 22.5pt; text-align: left;\"><span style=\"font-size: 11.5pt; font-family: 'Droid Sans',serif; color: #676c7b; letter-spacing: .2pt;\">F\u00fcr mehr Privatsph\u00e4re erhalten Sie eine gro\u00dfe Auswahl aus unserem Sichtschutz-Sortiment. Wenn Sie es modern w\u00fcnschen, so erhalten Sie hochwertigen PVC Sichtschutz oder Sichtschutzstreifen f\u00fcr den Gartenzaun. Wer es eher im nat\u00fcrlichen Design mag, der wird sich am Natursichtschutz aus Rinde, Schilf, Bambus oder Weide erfreuen.<\/span><\/p>\n<p style=\"margin: 0cm 0cm 0.0001pt; background: white; text-align: left;\"><span style=\"font-size: 11.5pt; font-family: 'Droid Sans',serif; color: #676c7b; letter-spacing: .2pt;\">Sol Royal SolVision: Die Marke f\u00fcr behaglichen <strong>Sicht- und Sonnenschutz!<\/strong><\/span><\/p>\n<p>[\/vc_column_text][\/vc_column][vc_column width=&#8221;1\/2&#8243;][\/vc_column][\/vc_row][vc_row full_width=&#8221;stretch_row&#8221; parallax=&#8221;content-moving&#8221; parallax_image=&#8221;33498&#8243; enable_fixed=&#8221;yes&#8221; enable_parallax=&#8221;&#8221; parallax_speed=&#8221;0.5&#8243; css=&#8221;.vc_custom_1528103058747{margin-bottom: 0px !important;padding-top: 120px !important;padding-bottom: 120px !important;background: #f9f9fa url(https:\/\/beautissu.com\/wp-content\/uploads\/2015\/06\/staffelei_siena_bg-1.jpg?id=33110);background-position: center;background-repeat: no-repeat !important;background-size: cover !important;}&#8221;][vc_column width=&#8221;1\/2&#8243;][\/vc_column][vc_column width=&#8221;1\/2&#8243;][vc_column_text]<\/p>\n<h2 style=\"text-align: right;\">Sol Royal Motoren<\/h2>\n<p style=\"text-align: right;\">Unter der Marke Sol Royal finden Sie ebenfalls alles N\u00f6tige f\u00fcr elektrische Rollladen oder Garagentore. Machen Sie sich das Leben leichter, indem Sie Ihre Fenster mit\u00a0<strong>Rollladenmotoren<\/strong>\u00a0versehen, die Ihnen in Zukunft auf Knopfdruck die Rollladen automatisch \u00f6ffnen oder schlie\u00dfen.<\/p>\n<p style=\"text-align: right;\">Sie haben eine Garage und m\u00f6chten diese nicht mehr per Hand bedienen? Die elektrischen <strong>Sol Royal Garagentorantriebe<\/strong> sind perfekt f\u00fcr Schwing- und Rolltore geeignet. Durch die besonders starken und leisen Antriebe, k\u00f6nnen Sie Ihr Garagentor problemlos \u00f6ffnen und wieder schlie\u00dfen.<\/p>\n<p style=\"text-align: right;\">Egal f\u00fcr welchen Motor Sie sich entscheiden: Sol Royal bietet stets h\u00f6chste Qualit\u00e4t. Jeder Artikel durchl\u00e4uft vielf\u00e4ltige Kontrollen um Ihre Zufriedenheit zu garantieren.<\/p>\n<p>[\/vc_column_text][\/vc_column][\/vc_row][vc_row full_width=&#8221;stretch_row&#8221; enable_parallax=&#8221;&#8221; parallax_speed=&#8221;0.5&#8243; css=&#8221;.vc_custom_1490786119953{margin-bottom: 0px !important;padding-top: 120px !important;padding-bottom: 120px !important;background-color: #fafafa !important;}&#8221;][vc_column width=&#8221;1\/4&#8243;][\/vc_column][vc_column width=&#8221;2\/4&#8243; css=&#8221;.vc_custom_1490786084202{background-color: #fafafa !important;}&#8221;][vc_column_text]<\/p>\n<h2 style=\"text-align: center;\">Sol Royal \u2013 Enjoy your home<\/h2>\n<p style=\"text-align: center;\"><strong>Qualit\u00e4t, modernes Design und innovativer Schutz vor \u00e4u\u00dferen Einfl\u00fcssen f\u00fcr Heim und Garten.<\/strong><br \/>\nUnter der Marke Sol Royal wird eine gro\u00dfe Auswahl angeboten!<\/p>\n<p style=\"text-align: center;\"><strong>Sol Royal Rollos &amp; Jalousie:<\/strong><br \/>\nDoppelrollo<br \/>\nPlissee<br \/>\nAlu Jalousien<br \/>\nThermorollo<br \/>\nVerdunkelungsrollo<br \/>\nKettenzugrollo<br \/>\nDachfenster Rollo<br \/>\nBambusrollo<\/p>\n<p style=\"text-align: center;\"><strong>Sol Royal Sichtschutz und Sonnensegel<\/strong><br \/>\nPVC Sichtschutz Zaun<br \/>\nNatur Sichtschutz Zaun<br \/>\nBalkonumspannung<br \/>\nSonnenschutz HDPE<br \/>\nSonnenschutz PES<\/p>\n<p style=\"text-align: center;\"><strong>Sol Royal Rolladenmotoren<\/strong><br \/>\nMotor f\u00fcr Rollladen<br \/>\nRohrmotor Zubeh\u00f6r<\/p>\n<p style=\"text-align: center;\"><strong>Sol Royal Garagentormotoren<\/strong><br \/>\nGaragentor Antrieb<br \/>\nGaragentor Antrieb Zubeh\u00f6r<\/p>\n<p>[\/vc_column_text][\/vc_column][vc_column width=&#8221;1\/4&#8243;][\/vc_column][\/vc_row][vc_row enable_parallax=&#8221;&#8221; parallax_speed=&#8221;0.5&#8243; css=&#8221;.vc_custom_1433813057968{margin-bottom: 0px !important;}&#8221;][vc_column][vc_single_image image=&#8221;33508&#8243; img_size=&#8221;full&#8221; alignment=&#8221;center&#8221; css_animation=&#8221;bottom-to-top&#8221;][\/vc_column][\/vc_row][vc_row full_width=&#8221;stretch_row_content_no_spaces&#8221; enable_parallax=&#8221;&#8221; parallax_speed=&#8221;0.5&#8243;][vc_column][vc_column_text]<\/p>\n<h2 id=\"Galerie\" style=\"text-align: center;\">Produkte von Sol Royal<\/h2>\n<p>[\/vc_column_text][vc_basic_grid post_type=&#8221;portfolio&#8221; max_items=&#8221;9&#8243; gap=&#8221;0&#8243; orderby=&#8221;meta_value&#8221; item=&#8221;32029&#8243; grid_id=&#8221;vc_gid:1528118958512-781529f0-6c52-2&#8243; el_class=&#8221;Galerie&#8221;][\/vc_column][\/vc_row][vc_row css=&#8221;.vc_custom_1433306054580{padding-top: 90px !important;padding-bottom: 60px !important;}&#8221; enable_parallax=&#8221;&#8221; parallax_speed=&#8221;0.5&#8243;][vc_column][vc_column_text css_animation=&#8221;appear&#8221;]<\/p>\n<h2 id=\"Shop\" style=\"text-align: center;\">Hier finden Sie alles von SolRoyal<\/h2>\n<p style=\"text-align: center;\">Alle Produkte der Exklusivmarke SolRoyal finden Sie hier<br \/>\nim <a href=\"http:\/\/solroyal-shop.com\/\">Sol Royal Shop<\/a><br \/>\nbei <a href=\"https:\/\/www.amazon.de\/stores\/Sol+Royal\/Sol+Royal\/page\/C895EA93-41A0-4565-BF85-BF0E05E9D6E3\">Amazon<\/a><br \/>\nbei <a href=\"http:\/\/stores.ebay.de\/sol-royal?clk_rvr_id=1523941711654&amp;rmvSB=true\">Ebay<\/a><\/p>\n<p>[\/vc_column_text][vc_single_image image=&#8221;33330&#8243; img_size=&#8221;499&#215;274&#8243; alignment=&#8221;center&#8221; onclick=&#8221;custom_link&#8221; css_animation=&#8221;appear&#8221; link=&#8221;http:\/\/solroyal-shop.com\/&#8221;][\/vc_column][\/vc_row]<\/p>\n","protected":false},"excerpt":{"rendered":"<p>[vc_row full_width=&#8221;stretch_row&#8221; enable_parallax=&#8221;&#8221; parallax_speed=&#8221;0.5&#8243; css=&#8221;.vc_custom_1489499673199{margin-bottom: 0px !important;padding-top: 120px !important;padding-bottom: 120px !important;background-color: #ffffff !important;}&#8221;][vc_column][vc_column_text] Die Geschichte der Marke Beautissu [\/vc_column_text][vc_column_text] Sol Royal:\u00a0Enjoy your home Die deutsche Marke Sol Royal steht f\u00fcr Sicht-, Sonnen- und Wetterschutz in gro\u00dfer Auswahl sowie einer Vielzahl an Garagen- und Rollladenmotoren. Dabei wird das Sortiment stetig erweitert und verbessert. Neben den aktuellen [&hellip;]<a href=\"https:\/\/beautissu.com\/es\/\" class=\"df-link-excerpt\">Continue reading<\/a><\/p>\n","protected":false},"author":1,"featured_media":0,"parent":0,"menu_order":0,"comment_status":"closed","ping_status":"closed","template":"","meta":{"footnotes":""},"class_list":["post-373","page","type-page","status-publish","hentry"],"translation":{"provider":"WPGlobus","version":"3.0.0","language":"es","enabled_languages":["de","en","fr","it","es"],"languages":{"de":{"title":true,"content":true,"excerpt":false},"en":{"title":true,"content":true,"excerpt":false},"fr":{"title":true,"content":true,"excerpt":false},"it":{"title":true,"content":true,"excerpt":false},"es":{"title":true,"content":true,"excerpt":false}}},"aioseo_notices":[],"_links":{"self":[{"href":"https:\/\/beautissu.com\/es\/wp-json\/wp\/v2\/pages\/373","targetHints":{"allow":["GET"]}}],"collection":[{"href":"https:\/\/beautissu.com\/es\/wp-json\/wp\/v2\/pages"}],"about":[{"href":"https:\/\/beautissu.com\/es\/wp-json\/wp\/v2\/types\/page"}],"author":[{"embeddable":true,"href":"https:\/\/beautissu.com\/es\/wp-json\/wp\/v2\/users\/1"}],"replies":[{"embeddable":true,"href":"https:\/\/beautissu.com\/es\/wp-json\/wp\/v2\/comments?post=373"}],"version-history":[{"count":250,"href":"https:\/\/beautissu.com\/es\/wp-json\/wp\/v2\/pages\/373\/revisions"}],"predecessor-version":[{"id":33786,"href":"https:\/\/beautissu.com\/es\/wp-json\/wp\/v2\/pages\/373\/revisions\/33786"}],"wp:attachment":[{"href":"https:\/\/beautissu.com\/es\/wp-json\/wp\/v2\/media?parent=373"}],"curies":[{"name":"wp","href":"https:\/\/api.w.org\/{rel}","templated":true}]}}